{"id":413,"date":"2022-03-09T15:43:47","date_gmt":"2022-03-09T14:43:47","guid":{"rendered":"https:\/\/chatazatisie.sk\/?page_id=413"},"modified":"2022-04-29T12:53:01","modified_gmt":"2022-04-29T11:53:01","slug":"kontakt","status":"publish","type":"page","link":"https:\/\/chatazatisie.sk\/index.php\/kontakt\/","title":{"rendered":"Kontakt"},"content":{"rendered":"<p>[et_pb_section fb_built=&#8221;1&#8243; fullwidth=&#8221;on&#8221; _builder_version=&#8221;4.16&#8243; _module_preset=&#8221;default&#8221; custom_padding=&#8221;||||false|false&#8221; global_colors_info=&#8221;{}&#8221;][et_pb_fullwidth_header title=&#8221;Kontakt&#8221; background_overlay_color=&#8221;rgba(0,0,0,0.45)&#8221; _builder_version=&#8221;4.16&#8243; _module_preset=&#8221;default&#8221; title_font=&#8221;Allura||||||||&#8221; title_text_align=&#8221;center&#8221; title_font_size=&#8221;60px&#8221; title_letter_spacing=&#8221;1px&#8221; background_color=&#8221;rgba(0,0,0,0)&#8221; background_image=&#8221;https:\/\/chatazatisie.sk\/wp-content\/uploads\/2022\/03\/les.jpg&#8221; background_blend=&#8221;overlay&#8221; custom_margin=&#8221;||||false|false&#8221; custom_padding=&#8221;63px||||false|false&#8221; global_colors_info=&#8221;{}&#8221;][\/et_pb_fullwidth_header][\/et_pb_section][et_pb_section fb_built=&#8221;1&#8243; specialty=&#8221;on&#8221; _builder_version=&#8221;4.16&#8243; _module_preset=&#8221;default&#8221; background_color=&#8221;rgba(0,0,0,0.04)&#8221; locked=&#8221;off&#8221; global_colors_info=&#8221;{}&#8221;][et_pb_column type=&#8221;1_2&#8243; specialty_columns=&#8221;2&#8243; _builder_version=&#8221;4.16&#8243; custom_padding=&#8221;|||&#8221; global_colors_info=&#8221;{}&#8221; custom_padding__hover=&#8221;|||&#8221;][et_pb_row_inner column_structure=&#8221;1_2,1_2&#8243; _builder_version=&#8221;4.16&#8243; _module_preset=&#8221;default&#8221; global_colors_info=&#8221;{}&#8221;][et_pb_column_inner type=&#8221;1_2&#8243; saved_specialty_column_type=&#8221;1_2&#8243; _builder_version=&#8221;4.16&#8243; _module_preset=&#8221;default&#8221; global_colors_info=&#8221;{}&#8221;][et_pb_image src=&#8221;https:\/\/chatazatisie.sk\/wp-content\/uploads\/2022\/03\/kontakt.jpg&#8221; title_text=&#8221;kontakt&#8221; _builder_version=&#8221;4.16&#8243; _module_preset=&#8221;default&#8221; custom_margin=&#8221;-10px||||false|false&#8221; global_colors_info=&#8221;{}&#8221;][\/et_pb_image][\/et_pb_column_inner][et_pb_column_inner type=&#8221;1_2&#8243; saved_specialty_column_type=&#8221;1_2&#8243; _builder_version=&#8221;4.16&#8243; _module_preset=&#8221;default&#8221; global_colors_info=&#8221;{}&#8221;][et_pb_text _builder_version=&#8221;4.16&#8243; _module_preset=&#8221;default&#8221; text_font=&#8221;Allura||||||||&#8221; text_text_color=&#8221;#000000&#8243; text_font_size=&#8221;37px&#8221; custom_padding=&#8221;10px||||false|false&#8221; global_colors_info=&#8221;{}&#8221;]<\/p>\n<p><span>Alena Hus\u00e1rov\u00e1<\/span><\/p>\n<p>[\/et_pb_text][et_pb_text _builder_version=&#8221;4.17.3&#8243; _module_preset=&#8221;default&#8221; text_font=&#8221;Adamina||||||||&#8221; text_text_color=&#8221;rgba(0,0,0,0.42)&#8221; global_colors_info=&#8221;{}&#8221;]<\/p>\n<p>Phone : +421 <span>0905 613 133<\/span><\/p>\n<p>Email : alena@chatazatisie.sk<\/p>\n<p>[\/et_pb_text][\/et_pb_column_inner][\/et_pb_row_inner][\/et_pb_column][et_pb_column type=&#8221;1_2&#8243; _builder_version=&#8221;4.16&#8243; custom_padding=&#8221;|||&#8221; global_colors_info=&#8221;{}&#8221; custom_padding__hover=&#8221;|||&#8221;][et_pb_text _builder_version=&#8221;4.16&#8243; _module_preset=&#8221;default&#8221; text_font=&#8221;Allura||||||||&#8221; text_text_color=&#8221;#000000&#8243; header_2_font_size=&#8221;36px&#8221; text_font_size_tablet=&#8221;46px&#8221; text_font_size_phone=&#8221;2.5em&#8221; text_font_size_last_edited=&#8221;on|phone&#8221; global_colors_info=&#8221;{}&#8221;]<\/p>\n<h2>Nap\u00ed\u0161te n\u00e1m<\/h2>\n<p>[\/et_pb_text][et_pb_contact_form captcha=&#8221;off&#8221; email=&#8221;alena@chatazatisie.sk&#8221; custom_message=&#8221;Spr\u00e1va z formul\u00e1ra web str\u00e1nky &#8211; www.chatazatisie.sk||et_pb_line_break_holder||||et_pb_line_break_holder||Meno: %%name%%||et_pb_line_break_holder||Email: %%email%%||et_pb_line_break_holder||Text spr\u00e1vy: ||et_pb_line_break_holder||%%message%%&#8221; success_message=&#8221;Spr\u00e1va bola odoslan\u00e1&#8221; submit_button_text=&#8221;Odosla\u0165&#8221; _builder_version=&#8221;4.17.3&#8243; _module_preset=&#8221;default&#8221; _unique_id=&#8221;28c7e336-be17-4c35-b563-26029ef87610&#8243; title_font=&#8221;||||||||&#8221; custom_button=&#8221;on&#8221; button_text_color=&#8221;#FFFFFF&#8221; button_bg_color=&#8221;#000000&#8243; button_border_width=&#8221;0px&#8221; button_font=&#8221;Quicksand|||on|||||&#8221; button_on_hover=&#8221;off&#8221; button_custom_margin=&#8221;10px||||false|false&#8221; button_custom_margin_tablet=&#8221;|0em|||false|false&#8221; button_custom_margin_phone=&#8221;|0em|||false|false&#8221; button_custom_margin_last_edited=&#8221;on|phone&#8221; button_custom_padding=&#8221;|||22px|false|false&#8221; button_custom_padding_tablet=&#8221;|||20px|false|false&#8221; button_custom_padding_phone=&#8221;|||20px|false|false&#8221; button_custom_padding_last_edited=&#8221;on|tablet&#8221; button_text_size_tablet=&#8221;1em&#8221; button_text_size_phone=&#8221;1em&#8221; button_text_size_last_edited=&#8221;on|tablet&#8221; custom_css_contact_button=&#8221;border-radius : 5px;&#8221; global_colors_info=&#8221;{}&#8221; border_color_all__hover_enabled=&#8221;off|desktop&#8221; button_bg_color__hover_enabled=&#8221;on|desktop&#8221; button_bg_color__hover=&#8221;#9FC131&#8243; button_bg_enable_color__hover=&#8221;on&#8221;][et_pb_contact_field field_id=&#8221;Name&#8221; field_title=&#8221;Meno&#8221; fullwidth_field=&#8221;on&#8221; _builder_version=&#8221;4.17.3&#8243; form_field_focus_text_color=&#8221;#000000&#8243; form_field_font=&#8221;Adamina||||||||&#8221; global_colors_info=&#8221;{}&#8221; button_text_size__hover_enabled=&#8221;off&#8221; button_one_text_size__hover_enabled=&#8221;off&#8221; button_two_text_size__hover_enabled=&#8221;off&#8221; button_text_color__hover_enabled=&#8221;off&#8221; button_one_text_color__hover_enabled=&#8221;off&#8221; button_two_text_color__hover_enabled=&#8221;off&#8221; button_border_width__hover_enabled=&#8221;off&#8221; button_one_border_width__hover_enabled=&#8221;off&#8221; button_two_border_width__hover_enabled=&#8221;off&#8221; button_border_color__hover_enabled=&#8221;off&#8221; button_one_border_color__hover_enabled=&#8221;off&#8221; button_two_border_color__hover_enabled=&#8221;off&#8221; button_border_radius__hover_enabled=&#8221;off&#8221; button_one_border_radius__hover_enabled=&#8221;off&#8221; button_two_border_radius__hover_enabled=&#8221;off&#8221; button_letter_spacing__hover_enabled=&#8221;off&#8221; button_one_letter_spacing__hover_enabled=&#8221;off&#8221; button_two_letter_spacing__hover_enabled=&#8221;off&#8221; button_bg_color__hover_enabled=&#8221;off&#8221; button_one_bg_color__hover_enabled=&#8221;off&#8221; button_two_bg_color__hover_enabled=&#8221;off&#8221; form_field_text_color__hover_enabled=&#8221;off|desktop&#8221;][\/et_pb_contact_field][et_pb_contact_field field_id=&#8221;Email&#8221; field_title=&#8221;Email&#8221; field_type=&#8221;email&#8221; fullwidth_field=&#8221;on&#8221; _builder_version=&#8221;4.17.3&#8243; form_field_focus_text_color=&#8221;#000000&#8243; form_field_font=&#8221;Adamina||||||||&#8221; global_colors_info=&#8221;{}&#8221; button_text_size__hover_enabled=&#8221;off&#8221; button_one_text_size__hover_enabled=&#8221;off&#8221; button_two_text_size__hover_enabled=&#8221;off&#8221; button_text_color__hover_enabled=&#8221;off&#8221; button_one_text_color__hover_enabled=&#8221;off&#8221; button_two_text_color__hover_enabled=&#8221;off&#8221; button_border_width__hover_enabled=&#8221;off&#8221; button_one_border_width__hover_enabled=&#8221;off&#8221; button_two_border_width__hover_enabled=&#8221;off&#8221; button_border_color__hover_enabled=&#8221;off&#8221; button_one_border_color__hover_enabled=&#8221;off&#8221; button_two_border_color__hover_enabled=&#8221;off&#8221; button_border_radius__hover_enabled=&#8221;off&#8221; button_one_border_radius__hover_enabled=&#8221;off&#8221; button_two_border_radius__hover_enabled=&#8221;off&#8221; button_letter_spacing__hover_enabled=&#8221;off&#8221; button_one_letter_spacing__hover_enabled=&#8221;off&#8221; button_two_letter_spacing__hover_enabled=&#8221;off&#8221; button_bg_color__hover_enabled=&#8221;off&#8221; button_one_bg_color__hover_enabled=&#8221;off&#8221; button_two_bg_color__hover_enabled=&#8221;off&#8221; form_field_text_color__hover_enabled=&#8221;off|desktop&#8221;][\/et_pb_contact_field][et_pb_contact_field field_id=&#8221;Message&#8221; field_title=&#8221;Text spr\u00e1vy&#8221; field_type=&#8221;text&#8221; fullwidth_field=&#8221;on&#8221; _builder_version=&#8221;4.16&#8243; form_field_focus_text_color=&#8221;#000000&#8243; form_field_font=&#8221;Adamina||||||||&#8221; global_colors_info=&#8221;{}&#8221; button_text_size__hover_enabled=&#8221;off&#8221; button_one_text_size__hover_enabled=&#8221;off&#8221; button_two_text_size__hover_enabled=&#8221;off&#8221; button_text_color__hover_enabled=&#8221;off&#8221; button_one_text_color__hover_enabled=&#8221;off&#8221; button_two_text_color__hover_enabled=&#8221;off&#8221; button_border_width__hover_enabled=&#8221;off&#8221; button_one_border_width__hover_enabled=&#8221;off&#8221; button_two_border_width__hover_enabled=&#8221;off&#8221; button_border_color__hover_enabled=&#8221;off&#8221; button_one_border_color__hover_enabled=&#8221;off&#8221; button_two_border_color__hover_enabled=&#8221;off&#8221; button_border_radius__hover_enabled=&#8221;off&#8221; button_one_border_radius__hover_enabled=&#8221;off&#8221; button_two_border_radius__hover_enabled=&#8221;off&#8221; button_letter_spacing__hover_enabled=&#8221;off&#8221; button_one_letter_spacing__hover_enabled=&#8221;off&#8221; button_two_letter_spacing__hover_enabled=&#8221;off&#8221; button_bg_color__hover_enabled=&#8221;off&#8221; button_one_bg_color__hover_enabled=&#8221;off&#8221; button_two_bg_color__hover_enabled=&#8221;off&#8221;][\/et_pb_contact_field][\/et_pb_contact_form][\/et_pb_column][\/et_pb_section][et_pb_section fb_built=&#8221;1&#8243; _builder_version=&#8221;4.16&#8243; _module_preset=&#8221;default&#8221; background_color=&#8221;#FFFFFF&#8221; global_colors_info=&#8221;{}&#8221;][et_pb_row _builder_version=&#8221;4.16&#8243; _module_preset=&#8221;default&#8221; global_colors_info=&#8221;{}&#8221;][et_pb_column type=&#8221;4_4&#8243; _builder_version=&#8221;4.16&#8243; _module_preset=&#8221;default&#8221; global_colors_info=&#8221;{}&#8221;][et_pb_text _builder_version=&#8221;4.16&#8243; _module_preset=&#8221;default&#8221; header_2_font_size=&#8221;36px&#8221; global_colors_info=&#8221;{}&#8221;]<\/p>\n<h2>Cesta k chate<\/h2>\n<p>[\/et_pb_text][\/et_pb_column][\/et_pb_row][et_pb_row _builder_version=&#8221;4.16&#8243; _module_preset=&#8221;default&#8221; global_colors_info=&#8221;{}&#8221;][et_pb_column type=&#8221;4_4&#8243; _builder_version=&#8221;4.16&#8243; _module_preset=&#8221;default&#8221; global_colors_info=&#8221;{}&#8221;][et_pb_image src=&#8221;https:\/\/chatazatisie.sk\/wp-content\/uploads\/2022\/03\/mapa-1.jpg&#8221; title_text=&#8221;mapa-1&#8243; _builder_version=&#8221;4.17.3&#8243; _module_preset=&#8221;default&#8221; hover_enabled=&#8221;0&#8243; global_colors_info=&#8221;{}&#8221; align=&#8221;center&#8221; sticky_enabled=&#8221;0&#8243;][\/et_pb_image][et_pb_image src=&#8221;https:\/\/chatazatisie.sk\/wp-content\/uploads\/2022\/03\/mapa-2.jpg&#8221; title_text=&#8221;mapa-2&#8243; _builder_version=&#8221;4.17.3&#8243; _module_preset=&#8221;default&#8221; hover_enabled=&#8221;0&#8243; global_colors_info=&#8221;{}&#8221; align=&#8221;center&#8221; sticky_enabled=&#8221;0&#8243;][\/et_pb_image][\/et_pb_column][\/et_pb_row][\/et_pb_section]<\/p>\n","protected":false},"excerpt":{"rendered":"<p>Alena Hus\u00e1rov\u00e1Phone : +421 0905 613 133 Email : alena@chatazatisie.skNap\u00ed\u0161te n\u00e1mCesta k chate<\/p>\n","protected":false},"author":1,"featured_media":0,"parent":0,"menu_order":0,"comment_status":"closed","ping_status":"closed","template":"","meta":{"_et_pb_use_builder":"on","_et_pb_old_content":"","_et_gb_content_width":"","footnotes":""},"class_list":["post-413","page","type-page","status-publish","hentry"],"yoast_head":"<!-- This site is optimized with the Yoast SEO plugin v27.5 - https:\/\/yoast.com\/product\/yoast-seo-wordpress\/ -->\n<title>Kontakt - Z\u00e1ti\u0161ie pod lesom<\/title>\n<meta name=\"robots\" content=\"index, follow, max-snippet:-1, max-image-preview:large, max-video-preview:-1\" \/>\n<link rel=\"canonical\" href=\"https:\/\/chatazatisie.sk\/index.php\/kontakt\/\" \/>\n<meta property=\"og:locale\" content=\"en_US\" \/>\n<meta property=\"og:type\" content=\"article\" \/>\n<meta property=\"og:title\" content=\"Kontakt - Z\u00e1ti\u0161ie pod lesom\" \/>\n<meta property=\"og:description\" content=\"Alena Hus\u00e1rov\u00e1Phone : +421 0905 613 133 Email : alena@chatazatisie.skNap\u00ed\u0161te n\u00e1mCesta k chate\" \/>\n<meta property=\"og:url\" content=\"https:\/\/chatazatisie.sk\/index.php\/kontakt\/\" \/>\n<meta property=\"og:site_name\" content=\"Z\u00e1ti\u0161ie pod lesom\" \/>\n<meta property=\"article:modified_time\" content=\"2022-04-29T11:53:01+00:00\" \/>\n<meta name=\"twitter:card\" content=\"summary_large_image\" \/>\n<meta name=\"twitter:label1\" content=\"Est. reading time\" \/>\n\t<meta name=\"twitter:data1\" content=\"6 minutes\" \/>\n<script type=\"application\/ld+json\" class=\"yoast-schema-graph\">{\"@context\":\"https:\\\/\\\/schema.org\",\"@graph\":[{\"@type\":\"WebPage\",\"@id\":\"https:\\\/\\\/chatazatisie.sk\\\/index.php\\\/kontakt\\\/\",\"url\":\"https:\\\/\\\/chatazatisie.sk\\\/index.php\\\/kontakt\\\/\",\"name\":\"Kontakt - Z\u00e1ti\u0161ie pod lesom\",\"isPartOf\":{\"@id\":\"https:\\\/\\\/chatazatisie.sk\\\/#website\"},\"datePublished\":\"2022-03-09T14:43:47+00:00\",\"dateModified\":\"2022-04-29T11:53:01+00:00\",\"breadcrumb\":{\"@id\":\"https:\\\/\\\/chatazatisie.sk\\\/index.php\\\/kontakt\\\/#breadcrumb\"},\"inLanguage\":\"en-US\",\"potentialAction\":[{\"@type\":\"ReadAction\",\"target\":[\"https:\\\/\\\/chatazatisie.sk\\\/index.php\\\/kontakt\\\/\"]}]},{\"@type\":\"BreadcrumbList\",\"@id\":\"https:\\\/\\\/chatazatisie.sk\\\/index.php\\\/kontakt\\\/#breadcrumb\",\"itemListElement\":[{\"@type\":\"ListItem\",\"position\":1,\"name\":\"Home\",\"item\":\"https:\\\/\\\/chatazatisie.sk\\\/\"},{\"@type\":\"ListItem\",\"position\":2,\"name\":\"Kontakt\"}]},{\"@type\":\"WebSite\",\"@id\":\"https:\\\/\\\/chatazatisie.sk\\\/#website\",\"url\":\"https:\\\/\\\/chatazatisie.sk\\\/\",\"name\":\"Z\u00e1ti\u0161ie pod lesom\",\"description\":\"Chata ubytovanie pre rodiny\",\"publisher\":{\"@id\":\"https:\\\/\\\/chatazatisie.sk\\\/#organization\"},\"potentialAction\":[{\"@type\":\"SearchAction\",\"target\":{\"@type\":\"EntryPoint\",\"urlTemplate\":\"https:\\\/\\\/chatazatisie.sk\\\/?s={search_term_string}\"},\"query-input\":{\"@type\":\"PropertyValueSpecification\",\"valueRequired\":true,\"valueName\":\"search_term_string\"}}],\"inLanguage\":\"en-US\"},{\"@type\":\"Organization\",\"@id\":\"https:\\\/\\\/chatazatisie.sk\\\/#organization\",\"name\":\"Z\u00e1ti\u0161ie pod lesom\",\"url\":\"https:\\\/\\\/chatazatisie.sk\\\/\",\"logo\":{\"@type\":\"ImageObject\",\"inLanguage\":\"en-US\",\"@id\":\"https:\\\/\\\/chatazatisie.sk\\\/#\\\/schema\\\/logo\\\/image\\\/\",\"url\":\"https:\\\/\\\/chatazatisie.sk\\\/wp-content\\\/uploads\\\/2022\\\/03\\\/logo.png\",\"contentUrl\":\"https:\\\/\\\/chatazatisie.sk\\\/wp-content\\\/uploads\\\/2022\\\/03\\\/logo.png\",\"width\":512,\"height\":264,\"caption\":\"Z\u00e1ti\u0161ie pod lesom\"},\"image\":{\"@id\":\"https:\\\/\\\/chatazatisie.sk\\\/#\\\/schema\\\/logo\\\/image\\\/\"}}]}<\/script>\n<!-- \/ Yoast SEO plugin. -->","yoast_head_json":{"title":"Kontakt - Z\u00e1ti\u0161ie pod lesom","robots":{"index":"index","follow":"follow","max-snippet":"max-snippet:-1","max-image-preview":"max-image-preview:large","max-video-preview":"max-video-preview:-1"},"canonical":"https:\/\/chatazatisie.sk\/index.php\/kontakt\/","og_locale":"en_US","og_type":"article","og_title":"Kontakt - Z\u00e1ti\u0161ie pod lesom","og_description":"Alena Hus\u00e1rov\u00e1Phone : +421 0905 613 133 Email : alena@chatazatisie.skNap\u00ed\u0161te n\u00e1mCesta k chate","og_url":"https:\/\/chatazatisie.sk\/index.php\/kontakt\/","og_site_name":"Z\u00e1ti\u0161ie pod lesom","article_modified_time":"2022-04-29T11:53:01+00:00","twitter_card":"summary_large_image","twitter_misc":{"Est. reading time":"6 minutes"},"schema":{"@context":"https:\/\/schema.org","@graph":[{"@type":"WebPage","@id":"https:\/\/chatazatisie.sk\/index.php\/kontakt\/","url":"https:\/\/chatazatisie.sk\/index.php\/kontakt\/","name":"Kontakt - Z\u00e1ti\u0161ie pod lesom","isPartOf":{"@id":"https:\/\/chatazatisie.sk\/#website"},"datePublished":"2022-03-09T14:43:47+00:00","dateModified":"2022-04-29T11:53:01+00:00","breadcrumb":{"@id":"https:\/\/chatazatisie.sk\/index.php\/kontakt\/#breadcrumb"},"inLanguage":"en-US","potentialAction":[{"@type":"ReadAction","target":["https:\/\/chatazatisie.sk\/index.php\/kontakt\/"]}]},{"@type":"BreadcrumbList","@id":"https:\/\/chatazatisie.sk\/index.php\/kontakt\/#breadcrumb","itemListElement":[{"@type":"ListItem","position":1,"name":"Home","item":"https:\/\/chatazatisie.sk\/"},{"@type":"ListItem","position":2,"name":"Kontakt"}]},{"@type":"WebSite","@id":"https:\/\/chatazatisie.sk\/#website","url":"https:\/\/chatazatisie.sk\/","name":"Z\u00e1ti\u0161ie pod lesom","description":"Chata ubytovanie pre rodiny","publisher":{"@id":"https:\/\/chatazatisie.sk\/#organization"},"potentialAction":[{"@type":"SearchAction","target":{"@type":"EntryPoint","urlTemplate":"https:\/\/chatazatisie.sk\/?s={search_term_string}"},"query-input":{"@type":"PropertyValueSpecification","valueRequired":true,"valueName":"search_term_string"}}],"inLanguage":"en-US"},{"@type":"Organization","@id":"https:\/\/chatazatisie.sk\/#organization","name":"Z\u00e1ti\u0161ie pod lesom","url":"https:\/\/chatazatisie.sk\/","logo":{"@type":"ImageObject","inLanguage":"en-US","@id":"https:\/\/chatazatisie.sk\/#\/schema\/logo\/image\/","url":"https:\/\/chatazatisie.sk\/wp-content\/uploads\/2022\/03\/logo.png","contentUrl":"https:\/\/chatazatisie.sk\/wp-content\/uploads\/2022\/03\/logo.png","width":512,"height":264,"caption":"Z\u00e1ti\u0161ie pod lesom"},"image":{"@id":"https:\/\/chatazatisie.sk\/#\/schema\/logo\/image\/"}}]}},"_links":{"self":[{"href":"https:\/\/chatazatisie.sk\/index.php\/wp-json\/wp\/v2\/pages\/413","targetHints":{"allow":["GET"]}}],"collection":[{"href":"https:\/\/chatazatisie.sk\/index.php\/wp-json\/wp\/v2\/pages"}],"about":[{"href":"https:\/\/chatazatisie.sk\/index.php\/wp-json\/wp\/v2\/types\/page"}],"author":[{"embeddable":true,"href":"https:\/\/chatazatisie.sk\/index.php\/wp-json\/wp\/v2\/users\/1"}],"replies":[{"embeddable":true,"href":"https:\/\/chatazatisie.sk\/index.php\/wp-json\/wp\/v2\/comments?post=413"}],"version-history":[{"count":12,"href":"https:\/\/chatazatisie.sk\/index.php\/wp-json\/wp\/v2\/pages\/413\/revisions"}],"predecessor-version":[{"id":685,"href":"https:\/\/chatazatisie.sk\/index.php\/wp-json\/wp\/v2\/pages\/413\/revisions\/685"}],"wp:attachment":[{"href":"https:\/\/chatazatisie.sk\/index.php\/wp-json\/wp\/v2\/media?parent=413"}],"curies":[{"name":"wp","href":"https:\/\/api.w.org\/{rel}","templated":true}]}}